{"id":652,"date":"2024-12-18T12:00:21","date_gmt":"2024-12-18T11:00:21","guid":{"rendered":"https:\/\/anilox.hr\/?page_id=652"},"modified":"2025-03-12T11:45:05","modified_gmt":"2025-03-12T10:45:05","slug":"politika-privatnosti","status":"publish","type":"page","link":"https:\/\/anilox.hr\/en\/politika-privatnosti\/","title":{"rendered":"Privacy policy"},"content":{"rendered":"<div data-elementor-type=\"wp-page\" data-elementor-id=\"652\" class=\"elementor elementor-652\" data-elementor-post-type=\"page\">\n\t\t\t\t<div class=\"elementor-element elementor-element-66ecb3f e-flex e-con-boxed e-con e-parent\" data-id=\"66ecb3f\" data-element_type=\"container\">\n\t\t\t\t\t<div class=\"e-con-inner\">\n\t\t\t\t<div class=\"elementor-element elementor-element-bccebf4 elementor-widget elementor-widget-heading\" data-id=\"bccebf4\" data-element_type=\"widget\" data-widget_type=\"heading.default\">\n\t\t\t\t<div class=\"elementor-widget-container\">\n\t\t\t\t\t<h1 class=\"elementor-heading-title elementor-size-default\">Privacy policy<\/h1>\t\t\t\t<\/div>\n\t\t\t\t<\/div>\n\t\t\t\t<div class=\"elementor-element elementor-element-9f8a0b3 elementor-widget elementor-widget-text-editor\" data-id=\"9f8a0b3\" data-element_type=\"widget\" data-widget_type=\"text-editor.default\">\n\t\t\t\t<div class=\"elementor-widget-container\">\n\t\t\t\t\t\t\t\t\t<p>In accordance with Articles 12, 13, and 14 of the General Data Protection Regulation (GDPR), we hereby inform you about the data controller, the types of personal data we process, and the purposes for which they are used. This policy also provides an overview of our procedures regarding the collection and processing of personal data and outlines the terms of use of our website.<\/p><p>For all inquiries related to GDPR or questions concerning the processing of personal data, you can contact us at:\u00a0<a href=\"mailto:anilox@anilox.hr\">anilox@anilox.hr<\/a>.<\/p><h4>DATA CONTROLLER<\/h4><p>Company ANILOX d.o.o., located in \u017dminj (Municipality of \u017dminj), Industrijska ulica 2, personal identification number (OIB) : 41243852327<\/p><h4>TYPES OF PERSONAL DATA PROCESSED<\/h4><p>The Company collects and processes personal data (e.g. information that can directly or indirectly identify you, especially through identifiers such as name, surname, academic title, professional title, personal identification number (OIB), date of birth, address, telephone number, email address, employer, location data, IP address \u2013 collectively referred to as \"Personal Data\"):<\/p><ul><li>when you are our client,<\/li><li>when you contact us via contact form or email to submit a query,<\/li><li>when we process your job application or open application,\u00a0<\/li><li>when we process data in accordance with legal obligations (e.g. Anti-Money Laundering Act, Accounting Act, Tax Regulations).<\/li><\/ul><p><strong>Personal Data in Job Applications<\/strong><\/p><p>The Company collects open applications from candidates who want to work with us. Only authorized persons within the Company have access to personal data from open job applications, who process such open applications for the purpose of contacting candidates back and possible employment. The data is kept for up to 1 (one) year from the date of receipt of the open application, so that we can contact specific candidates if necessary.<\/p><p>The company processes the personal data of candidates who apply for our job vacancy and keeps it until the final completion of the job vacancy.<\/p><p><strong>Client personal information<\/strong><\/p><p>The Company's clients are persons with whom we provide services in the field of our registered activities (\"Client\" or \"Clients\").<\/p><p>As a Company, we keep confidential information relating to the Client that cannot be collected publicly.<\/p><p>In the course of providing services to the Client, the Company may become aware of or create confidential information. The Company will not, without the express consent of the Client, share such information with third parties, except with team members working on behalf of the Client, to whom the disclosure of such information is intended, or who need to know it in order to provide the services. We will also take the necessary precautions to maintain the confidentiality of such information.<\/p><p>The Company, within the framework of its obligations under the Law on the prevention of money laundering and financing  (preparation of a risk assessment of money laundering and terrorist financing, implementation of customer due diligence measures, etc.), collects personal data of persons with whom it establishes a business relationship or carries out a transaction. The data refers to the name and surname, copy of the ID card, place of residence, date of birth, identification number and citizenship if it is a natural person, and the name, registered office, identification number, legal form and name and surname, identification number, address, e-mail and telephone number of the representative if it is a legal person, data on the purpose and nature of the business relationship, the Client's activity, the source of funds that are the subject of the business relationship and the time of establishing the business relationship.<\/p><h4>PURPOSES, LEGAL BASIS OF PROCESSING, AND CONSEQUENCES OF FAILURE TO PROVIDE DATA<\/h4><p>We process your Personal Data solely for purposes for which it was collected, in accordance with this Policy. The processing includes:<\/p><ul><li>actions based on your request prior to providing services or concluding a contract (e.g. responding to your questions and comments, submitting offers, communication, processing an open application or job application),<\/li><li>performance of a contractual service or contract to which you are a contracting party,<\/li><li>compliance with a legal obligation to which the Company is subject (e.g. for disclosures required by law or other regulation)<\/li><li>conducting data analytics or delivering communications via electronic tools (e-mail, social media), regardless of whether they are automated or not, in accordance with appropriate legal grounds, based on legitimate interest or consent given by the subject.<\/li><\/ul><p>Providing Personal Data for the above purposes is voluntary. We would like to point out that refusing to provide data may prevent the Company from concluding a contract with you, responding to your requests, providing you with services, receiving and processing your application and complying with legal obligations to which the Company is subject. In the event of failure to provide Personal Data or objection to the processing of Personal Data on appropriate grounds relating to your specific situation, the Company may be prevented from communicating with you in certain situations, provided that we may still contact you for administrative purposes, such as confirming your application or processing your further requests.<\/p><p>In case you have given consent for a specific purpose, you can always withdraw your consent and in that case the Company will no longer process your personal data for the specified purpose.<\/p><h4>PERSONAL DATA RECIPIENT<\/h4><p>Your Personal Data may be disclosed, in close connection with the purposes set out above:<\/p><ul><li>to entities necessary for sending mail and e-mails, removing repetitive information from the list of recipients of services, analyzing data and providing support, providing customer services, and who usually process Personal Data on behalf of the Company as processors, such as cloud service providers (as defined below);<\/li><li>to entities that maintain our IT systems;<\/li><li>to entities that provide us with accounting services, who are subject to an appropriate contractual obligation of confidentiality;<\/li><li>to persons authorized by the Company to process Personal Data, who are subject to an appropriate legal obligation of confidentiality (Company employees);<\/li><li>to Company associates, who are subject to an appropriate contractual obligation of confidentiality;<\/li><li>to competent authorities and public authorities when required by applicable law or in good faith (e.g. to comply with the provisions of the law or in the course of legal proceedings against the Company; to protect and defend the rights or property of the Company or, in urgent circumstances, to protect the personal safety of the Company's clients or the public);<\/li><li>to business partners for their needs only in accordance with the appropriate legal basis.<\/li><\/ul><h4>PERSONAL DATA RETENTION PERIOD<\/h4><p>The Company will process your Personal Data only for the time necessary to achieve the purposes of the processing, or in relation to data processed on the basis of consent, until you exercise your right to object or withdraw your consent to the processing of Personal Data.<\/p><p>In addition to the above, the Company will retain your Personal Data for the time necessary or permitted in accordance with applicable laws (e.g., documents on the basis of which data were entered into the journal and general ledger are kept for at least 11 years, in accordance with the Accounting Act, and 5 or 10 years in accordance with the Act on the Prevention of Money Laundering and Financing of Terrorism).<\/p><h4>YOUR RIGHTS<\/h4><p>The Company informs you that, in accordance with and to the extent permitted by applicable law, you have the right to request from the Company access to and rectification of your Personal Data or erasure thereof, or restriction of processing in relation to your Personal Data or to object to processing activities, and to file a complaint with the competent supervisory authority (in the Republic of Croatia, the Personal Data Protection Agency). In addition, you have the right to know the recipients or categories of recipients to whom your Personal Data have been or will be disclosed, in particular to recipients in third countries.<\/p><h4>LINKS TO OTHER SITES<\/h4><p>Our website may contain links to other websites that are not owned, operated or maintained by the Company. When you leave the site, you should notice and read the terms and privacy policies of each website you visit. We do not control, recommend or endorse and are not affiliated with these websites or their content, products, services or privacy policies.<\/p><h4>DATA SECURITY PROTECTION MEASURES<\/h4><p>The security of your Personal Data is extremely important to us, therefore we have put in place appropriate physical, electronic and managerial procedures and technical and organizational measures to protect the data we collect. Due to the open nature of the Internet, we cannot guarantee that communications between you and us or information stored on our website or on our servers will be completely secure from unauthorized access by third parties.<\/p><h4>GOVERNING LAW \/ JURISDICTION<\/h4><p>Croatian law shall apply to all matters relating to our website and these Rules. You agree that the courts of the Republic of Croatia shall have exclusive and territorial jurisdiction in all matters relating to this website and these Rules.\u00a0<\/p><h4>CHANGES AND UPDATES TO OUR RULES<\/h4><p>The Company reserves the right to change or update these Rules at any time and without prior notice. Please check back from time to time for any changes or updates to our Rules, which will be posted here and will reflect the updated effective date on the first page of the Rules.<\/p><h4>CONTACT INFORMATION<\/h4><p>If you have any questions or comments regarding these Rules of our website, you can contact us through our online form available on this website, by e-mail <a href=\"mailto:anilox@anilox.hr\">anilox@anilox.hr<\/a> or by phone 052 845 400.<\/p>\t\t\t\t\t\t\t\t<\/div>\n\t\t\t\t<\/div>\n\t\t\t\t\t<\/div>\n\t\t\t\t<\/div>\n\t\t\t\t<\/div>","protected":false},"excerpt":{"rendered":"<p>Ovime Vas obavje\u0161tavamo\u00a0u skladu s \u010dl. 12, 13. i 14. Op\u0107e uredbe o za\u0161titi podataka o podacima tko je voditelj obrade, koje osobne podatke obra\u0111ujemo i u koje svrhe. Ova pravila ujedno daju\u00a0uvid u na\u0161e postupke u vezi s prikupljanjem i obradom osobnih podataka te navode uvjete kori\u0161tenja na\u0161e internetske stranice. Za sva pitanja vezano [&hellip;]<\/p>","protected":false},"author":1,"featured_media":0,"parent":0,"menu_order":0,"comment_status":"closed","ping_status":"closed","template":"elementor_header_footer","meta":{"_acf_changed":false,"inline_featured_image":false,"footnotes":""},"class_list":["post-652","page","type-page","status-publish","hentry"],"acf":[],"yoast_head":"<!-- This site is optimized with the Yoast SEO plugin v25.2 - https:\/\/yoast.com\/wordpress\/plugins\/seo\/ -->\n<title>Politika privatnosti &#8211; Anilox<\/title>\n<meta name=\"robots\" content=\"index, follow, max-snippet:-1, max-image-preview:large, max-video-preview:-1\" \/>\n<link rel=\"canonical\" href=\"https:\/\/anilox.hr\/en\/politika-privatnosti\/\" \/>\n<meta property=\"og:locale\" content=\"en_GB\" \/>\n<meta property=\"og:type\" content=\"article\" \/>\n<meta property=\"og:title\" content=\"Politika privatnosti &#8211; Anilox\" \/>\n<meta property=\"og:description\" content=\"Ovime Vas obavje\u0161tavamo\u00a0u skladu s \u010dl. 12, 13. i 14. Op\u0107e uredbe o za\u0161titi podataka o podacima tko je voditelj obrade, koje osobne podatke obra\u0111ujemo i u koje svrhe. Ova pravila ujedno daju\u00a0uvid u na\u0161e postupke u vezi s prikupljanjem i obradom osobnih podataka te navode uvjete kori\u0161tenja na\u0161e internetske stranice. Za sva pitanja vezano [&hellip;]\" \/>\n<meta property=\"og:url\" content=\"https:\/\/anilox.hr\/en\/politika-privatnosti\/\" \/>\n<meta property=\"og:site_name\" content=\"Anilox\" \/>\n<meta property=\"article:modified_time\" content=\"2025-03-12T10:45:05+00:00\" \/>\n<meta property=\"og:image\" content=\"https:\/\/anilox.hr\/wp-content\/uploads\/2024\/12\/dubok-tisak-valjci-featured-min.jpg\" \/>\n\t<meta property=\"og:image:width\" content=\"822\" \/>\n\t<meta property=\"og:image:height\" content=\"822\" \/>\n\t<meta property=\"og:image:type\" content=\"image\/jpeg\" \/>\n<meta name=\"twitter:card\" content=\"summary_large_image\" \/>\n<meta name=\"twitter:label1\" content=\"Estimated reading time\" \/>\n\t<meta name=\"twitter:data1\" content=\"8 minutes\" \/>\n<script type=\"application\/ld+json\" class=\"yoast-schema-graph\">{\"@context\":\"https:\/\/schema.org\",\"@graph\":[{\"@type\":\"WebPage\",\"@id\":\"https:\/\/anilox.hr\/politika-privatnosti\/\",\"url\":\"https:\/\/anilox.hr\/politika-privatnosti\/\",\"name\":\"Politika privatnosti &#8211; Anilox\",\"isPartOf\":{\"@id\":\"https:\/\/anilox.hr\/#website\"},\"datePublished\":\"2024-12-18T11:00:21+00:00\",\"dateModified\":\"2025-03-12T10:45:05+00:00\",\"breadcrumb\":{\"@id\":\"https:\/\/anilox.hr\/politika-privatnosti\/#breadcrumb\"},\"inLanguage\":\"en-GB\",\"potentialAction\":[{\"@type\":\"ReadAction\",\"target\":[\"https:\/\/anilox.hr\/politika-privatnosti\/\"]}]},{\"@type\":\"BreadcrumbList\",\"@id\":\"https:\/\/anilox.hr\/politika-privatnosti\/#breadcrumb\",\"itemListElement\":[{\"@type\":\"ListItem\",\"position\":1,\"name\":\"Home\",\"item\":\"https:\/\/anilox.hr\/\"},{\"@type\":\"ListItem\",\"position\":2,\"name\":\"Politika privatnosti\"}]},{\"@type\":\"WebSite\",\"@id\":\"https:\/\/anilox.hr\/#website\",\"url\":\"https:\/\/anilox.hr\/\",\"name\":\"Anilox\",\"description\":\"\",\"publisher\":{\"@id\":\"https:\/\/anilox.hr\/#organization\"},\"potentialAction\":[{\"@type\":\"SearchAction\",\"target\":{\"@type\":\"EntryPoint\",\"urlTemplate\":\"https:\/\/anilox.hr\/?s={search_term_string}\"},\"query-input\":{\"@type\":\"PropertyValueSpecification\",\"valueRequired\":true,\"valueName\":\"search_term_string\"}}],\"inLanguage\":\"en-GB\"},{\"@type\":\"Organization\",\"@id\":\"https:\/\/anilox.hr\/#organization\",\"name\":\"Anilox\",\"url\":\"https:\/\/anilox.hr\/\",\"logo\":{\"@type\":\"ImageObject\",\"inLanguage\":\"en-GB\",\"@id\":\"https:\/\/anilox.hr\/#\/schema\/logo\/image\/\",\"url\":\"https:\/\/anilox.hr\/wp-content\/uploads\/2024\/12\/anilox-logo-dark.svg\",\"contentUrl\":\"https:\/\/anilox.hr\/wp-content\/uploads\/2024\/12\/anilox-logo-dark.svg\",\"width\":188,\"height\":52,\"caption\":\"Anilox\"},\"image\":{\"@id\":\"https:\/\/anilox.hr\/#\/schema\/logo\/image\/\"}}]}<\/script>\n<!-- \/ Yoast SEO plugin. -->","yoast_head_json":{"title":"Politika privatnosti &#8211; Anilox","robots":{"index":"index","follow":"follow","max-snippet":"max-snippet:-1","max-image-preview":"max-image-preview:large","max-video-preview":"max-video-preview:-1"},"canonical":"https:\/\/anilox.hr\/en\/politika-privatnosti\/","og_locale":"en_GB","og_type":"article","og_title":"Politika privatnosti &#8211; Anilox","og_description":"Ovime Vas obavje\u0161tavamo\u00a0u skladu s \u010dl. 12, 13. i 14. Op\u0107e uredbe o za\u0161titi podataka o podacima tko je voditelj obrade, koje osobne podatke obra\u0111ujemo i u koje svrhe. Ova pravila ujedno daju\u00a0uvid u na\u0161e postupke u vezi s prikupljanjem i obradom osobnih podataka te navode uvjete kori\u0161tenja na\u0161e internetske stranice. Za sva pitanja vezano [&hellip;]","og_url":"https:\/\/anilox.hr\/en\/politika-privatnosti\/","og_site_name":"Anilox","article_modified_time":"2025-03-12T10:45:05+00:00","og_image":[{"width":822,"height":822,"url":"https:\/\/anilox.hr\/wp-content\/uploads\/2024\/12\/dubok-tisak-valjci-featured-min.jpg","type":"image\/jpeg"}],"twitter_card":"summary_large_image","twitter_misc":{"Estimated reading time":"8 minutes"},"schema":{"@context":"https:\/\/schema.org","@graph":[{"@type":"WebPage","@id":"https:\/\/anilox.hr\/politika-privatnosti\/","url":"https:\/\/anilox.hr\/politika-privatnosti\/","name":"Politika privatnosti &#8211; Anilox","isPartOf":{"@id":"https:\/\/anilox.hr\/#website"},"datePublished":"2024-12-18T11:00:21+00:00","dateModified":"2025-03-12T10:45:05+00:00","breadcrumb":{"@id":"https:\/\/anilox.hr\/politika-privatnosti\/#breadcrumb"},"inLanguage":"en-GB","potentialAction":[{"@type":"ReadAction","target":["https:\/\/anilox.hr\/politika-privatnosti\/"]}]},{"@type":"BreadcrumbList","@id":"https:\/\/anilox.hr\/politika-privatnosti\/#breadcrumb","itemListElement":[{"@type":"ListItem","position":1,"name":"Home","item":"https:\/\/anilox.hr\/"},{"@type":"ListItem","position":2,"name":"Politika privatnosti"}]},{"@type":"WebSite","@id":"https:\/\/anilox.hr\/#website","url":"https:\/\/anilox.hr\/","name":"Anilox","description":"","publisher":{"@id":"https:\/\/anilox.hr\/#organization"},"potentialAction":[{"@type":"SearchAction","target":{"@type":"EntryPoint","urlTemplate":"https:\/\/anilox.hr\/?s={search_term_string}"},"query-input":{"@type":"PropertyValueSpecification","valueRequired":true,"valueName":"search_term_string"}}],"inLanguage":"en-GB"},{"@type":"Organization","@id":"https:\/\/anilox.hr\/#organization","name":"Anilox","url":"https:\/\/anilox.hr\/","logo":{"@type":"ImageObject","inLanguage":"en-GB","@id":"https:\/\/anilox.hr\/#\/schema\/logo\/image\/","url":"https:\/\/anilox.hr\/wp-content\/uploads\/2024\/12\/anilox-logo-dark.svg","contentUrl":"https:\/\/anilox.hr\/wp-content\/uploads\/2024\/12\/anilox-logo-dark.svg","width":188,"height":52,"caption":"Anilox"},"image":{"@id":"https:\/\/anilox.hr\/#\/schema\/logo\/image\/"}}]}},"_links":{"self":[{"href":"https:\/\/anilox.hr\/en\/wp-json\/wp\/v2\/pages\/652","targetHints":{"allow":["GET"]}}],"collection":[{"href":"https:\/\/anilox.hr\/en\/wp-json\/wp\/v2\/pages"}],"about":[{"href":"https:\/\/anilox.hr\/en\/wp-json\/wp\/v2\/types\/page"}],"author":[{"embeddable":true,"href":"https:\/\/anilox.hr\/en\/wp-json\/wp\/v2\/users\/1"}],"replies":[{"embeddable":true,"href":"https:\/\/anilox.hr\/en\/wp-json\/wp\/v2\/comments?post=652"}],"version-history":[{"count":0,"href":"https:\/\/anilox.hr\/en\/wp-json\/wp\/v2\/pages\/652\/revisions"}],"wp:attachment":[{"href":"https:\/\/anilox.hr\/en\/wp-json\/wp\/v2\/media?parent=652"}],"curies":[{"name":"wp","href":"https:\/\/api.w.org\/{rel}","templated":true}]}}