{"id":545,"date":"2024-12-17T16:27:20","date_gmt":"2024-12-17T15:27:20","guid":{"rendered":"https:\/\/anilox.hr\/?page_id=545"},"modified":"2025-03-26T14:50:33","modified_gmt":"2025-03-26T13:50:33","slug":"kontakt","status":"publish","type":"page","link":"https:\/\/anilox.hr\/en\/kontakt\/","title":{"rendered":"Contact"},"content":{"rendered":"<div data-elementor-type=\"wp-page\" data-elementor-id=\"545\" class=\"elementor elementor-545\" data-elementor-post-type=\"page\">\n\t\t\t\t<div class=\"elementor-element elementor-element-f9e879b e-flex e-con-boxed e-con e-parent\" data-id=\"f9e879b\" data-element_type=\"container\" data-settings=\"{&quot;background_background&quot;:&quot;classic&quot;}\">\n\t\t\t\t\t<div class=\"e-con-inner\">\n\t\t<div class=\"elementor-element elementor-element-385b3db e-con-full e-flex e-con e-child\" data-id=\"385b3db\" data-element_type=\"container\">\n\t\t\t\t<div class=\"elementor-element elementor-element-0e3c752 elementor-widget elementor-widget-heading\" data-id=\"0e3c752\" data-element_type=\"widget\" data-widget_type=\"heading.default\">\n\t\t\t\t<div class=\"elementor-widget-container\">\n\t\t\t\t\t<h2 class=\"elementor-heading-title elementor-size-default\">Where are we?<\/h2>\t\t\t\t<\/div>\n\t\t\t\t<\/div>\n\t\t\t\t<div class=\"elementor-element elementor-element-62fa68a elementor-widget elementor-widget-text-editor\" data-id=\"62fa68a\" data-element_type=\"widget\" data-widget_type=\"text-editor.default\">\n\t\t\t\t<div class=\"elementor-widget-container\">\n\t\t\t\t\t\t\t\t\t<p><strong>Anilox d.o.o.<\/strong><br \/>Industrijska ulica 2<br \/>52341 \u017dminj, Croatia<\/p>\t\t\t\t\t\t\t\t<\/div>\n\t\t\t\t<\/div>\n\t\t\t\t<div class=\"elementor-element elementor-element-c3a25f0 elementor-widget elementor-widget-google_maps\" data-id=\"c3a25f0\" data-element_type=\"widget\" data-widget_type=\"google_maps.default\">\n\t\t\t\t<div class=\"elementor-widget-container\">\n\t\t\t\t\t\t\t<div class=\"elementor-custom-embed\">\n\t\t\t<iframe loading=\"lazy\"\n\t\t\t\t\tsrc=\"https:\/\/maps.google.com\/maps?q=Anilox%20d.o.o.%20Industrijska%20ulica%202%2052341%20%C5%BDminj%2C%20Hrvatska&#038;t=m&#038;z=15&#038;output=embed&#038;iwloc=near\"\n\t\t\t\t\ttitle=\"Anilox d.o.o. Industrijska ulica 2 52341 \u017dminj, Hrvatska\"\n\t\t\t\t\taria-label=\"Anilox d.o.o. Industrijska ulica 2 52341 \u017dminj, Hrvatska\"\n\t\t\t><\/iframe>\n\t\t<\/div>\n\t\t\t\t\t\t<\/div>\n\t\t\t\t<\/div>\n\t\t\t\t<\/div>\n\t\t<div class=\"elementor-element elementor-element-9d41f33 e-con-full e-flex e-con e-child\" data-id=\"9d41f33\" data-element_type=\"container\">\n\t\t\t\t<div class=\"elementor-element elementor-element-3cf4d98 elementor-widget elementor-widget-heading\" data-id=\"3cf4d98\" data-element_type=\"widget\" data-widget_type=\"heading.default\">\n\t\t\t\t<div class=\"elementor-widget-container\">\n\t\t\t\t\t<h2 class=\"elementor-heading-title elementor-size-default\">Contact information<\/h2>\t\t\t\t<\/div>\n\t\t\t\t<\/div>\n\t\t\t\t<div class=\"elementor-element elementor-element-b9cea86 elementor-widget elementor-widget-text-editor\" data-id=\"b9cea86\" data-element_type=\"widget\" data-widget_type=\"text-editor.default\">\n\t\t\t\t<div class=\"elementor-widget-container\">\n\t\t\t\t\t\t\t\t\t<p>tel: <strong>+385 52 845 400<\/strong><\/p><p>fax: <strong>+385 52 845 410<\/strong><\/p><p>mail: <a href=\"mailto:anilox@anilox.hr\">anilox@anilox.hr<\/a><\/p>\t\t\t\t\t\t\t\t<\/div>\n\t\t\t\t<\/div>\n\t\t\t\t<div class=\"elementor-element elementor-element-aef5350 elementor-widget elementor-widget-heading\" data-id=\"aef5350\" data-element_type=\"widget\" data-widget_type=\"heading.default\">\n\t\t\t\t<div class=\"elementor-widget-container\">\n\t\t\t\t\t<h2 class=\"elementor-heading-title elementor-size-default\">Send an inquiry<\/h2>\t\t\t\t<\/div>\n\t\t\t\t<\/div>\n\t\t\t\t<div class=\"elementor-element elementor-element-a8d7d8e elementor-button-align-start elementor-widget elementor-widget-global elementor-global-967 elementor-widget-form\" data-id=\"a8d7d8e\" data-element_type=\"widget\" data-settings=\"{&quot;step_next_label&quot;:&quot;Next&quot;,&quot;step_previous_label&quot;:&quot;Previous&quot;,&quot;step_type&quot;:&quot;number_text&quot;,&quot;step_icon_shape&quot;:&quot;circle&quot;}\" data-widget_type=\"form.default\">\n\t\t\t\t<div class=\"elementor-widget-container\">\n\t\t\t\t\t\t\t<form class=\"elementor-form\" method=\"post\" name=\"Kontakt Forma\" novalidate=\"\" action=\"\">\n\t\t\t<input type=\"hidden\" name=\"post_id\" value=\"545\"\/>\n\t\t\t<input type=\"hidden\" name=\"form_id\" value=\"a8d7d8e\"\/>\n\t\t\t<input type=\"hidden\" name=\"referer_title\" value=\"Anilox\" \/>\n\n\t\t\t\n\t\t\t<div class=\"elementor-form-fields-wrapper elementor-labels-\">\n\t\t\t\t\t\t\t\t<div class=\"elementor-field-type-text elementor-field-group elementor-column elementor-field-group-name elementor-col-50 elementor-field-required\">\n\t\t\t\t\t\t\t\t\t\t\t\t<label for=\"form-field-name\" class=\"elementor-field-label elementor-screen-only\">\n\t\t\t\t\t\t\t\tName and surname\t\t\t\t\t\t\t<\/label>\n\t\t\t\t\t\t\t\t\t\t\t\t\t\t<input size=\"1\" type=\"text\" name=\"form_fields[name]\" id=\"form-field-name\" class=\"elementor-field elementor-size-sm  elementor-field-textual\" placeholder=\"Name and surname\" required=\"required\">\n\t\t\t\t\t\t\t\t\t\t\t<\/div>\n\t\t\t\t\t\t\t\t<div class=\"elementor-field-type-text elementor-field-group elementor-column elementor-field-group-tvrtka elementor-col-50 elementor-field-required\">\n\t\t\t\t\t\t\t\t\t\t\t\t<label for=\"form-field-tvrtka\" class=\"elementor-field-label elementor-screen-only\">\n\t\t\t\t\t\t\t\tCompany\t\t\t\t\t\t\t<\/label>\n\t\t\t\t\t\t\t\t\t\t\t\t\t\t<input size=\"1\" type=\"text\" name=\"form_fields[tvrtka]\" id=\"form-field-tvrtka\" class=\"elementor-field elementor-size-sm  elementor-field-textual\" placeholder=\"Company\" required=\"required\">\n\t\t\t\t\t\t\t\t\t\t\t<\/div>\n\t\t\t\t\t\t\t\t<div class=\"elementor-field-type-email elementor-field-group elementor-column elementor-field-group-email elementor-col-100 elementor-field-required\">\n\t\t\t\t\t\t\t\t\t\t\t\t<label for=\"form-field-email\" class=\"elementor-field-label elementor-screen-only\">\n\t\t\t\t\t\t\t\tEmail\t\t\t\t\t\t\t<\/label>\n\t\t\t\t\t\t\t\t\t\t\t\t\t\t<input size=\"1\" type=\"email\" name=\"form_fields[email]\" id=\"form-field-email\" class=\"elementor-field elementor-size-sm  elementor-field-textual\" placeholder=\"Email\" required=\"required\">\n\t\t\t\t\t\t\t\t\t\t\t<\/div>\n\t\t\t\t\t\t\t\t<div class=\"elementor-field-type-textarea elementor-field-group elementor-column elementor-field-group-message elementor-col-100\">\n\t\t\t\t\t\t\t\t\t\t\t\t<label for=\"form-field-message\" class=\"elementor-field-label elementor-screen-only\">\n\t\t\t\t\t\t\t\tMessage\t\t\t\t\t\t\t<\/label>\n\t\t\t\t\t\t<textarea class=\"elementor-field-textual elementor-field  elementor-size-sm\" name=\"form_fields[message]\" id=\"form-field-message\" rows=\"4\" placeholder=\"Message\"><\/textarea>\t\t\t\t<\/div>\n\t\t\t\t\t\t\t\t<div class=\"elementor-field-type-text\">\n\t\t\t\t\t<input size=\"1\" type=\"text\" name=\"form_fields[field_307e237]\" id=\"form-field-field_307e237\" class=\"elementor-field elementor-size-sm\" style=\"display:none !important;\">\t\t\t\t<\/div>\n\t\t\t\t\t\t\t\t<div class=\"elementor-field-type-text\">\n\t\t\t\t\t<input size=\"1\" type=\"text\" name=\"form_fields[field_adc0021]\" id=\"form-field-field_adc0021\" class=\"elementor-field elementor-size-sm\" style=\"display:none !important;\">\t\t\t\t<\/div>\n\t\t\t\t\t\t\t\t<div class=\"elementor-field-type-acceptance elementor-field-group elementor-column elementor-field-group-field_91dd15c elementor-col-100 elementor-field-required\">\n\t\t\t\t\t\t\t\t\t\t\t\t<label for=\"form-field-field_91dd15c\" class=\"elementor-field-label elementor-screen-only\">\n\t\t\t\t\t\t\t\tGDPR\t\t\t\t\t\t\t<\/label>\n\t\t\t\t\t\t\t\t<div class=\"elementor-field-subgroup\">\n\t\t\t<span class=\"elementor-field-option\">\n\t\t\t\t<input type=\"checkbox\" name=\"form_fields[field_91dd15c]\" id=\"form-field-field_91dd15c\" class=\"elementor-field elementor-size-sm  elementor-acceptance-field\" required=\"required\">\n\t\t\t\t<label for=\"form-field-field_91dd15c\">I have read and agree with <a href=\"\/en\/politika-privatnosti\/\">privacy policy<\/a>.<\/label>\t\t\t<\/span>\n\t\t<\/div>\n\t\t\t\t\t\t<\/div>\n\t\t\t\t\t\t\t\t<div class=\"elementor-field-group elementor-column elementor-field-type-submit elementor-col-100 e-form__buttons\">\n\t\t\t\t\t<button class=\"elementor-button elementor-size-sm\" type=\"submit\">\n\t\t\t\t\t\t<span class=\"elementor-button-content-wrapper\">\n\t\t\t\t\t\t\t\t\t\t\t\t\t\t\t\t\t\t\t\t\t\t<span class=\"elementor-button-text\">Send<\/span>\n\t\t\t\t\t\t\t\t\t\t\t\t\t<\/span>\n\t\t\t\t\t<\/button>\n\t\t\t\t<\/div>\n\t\t\t<\/div>\n\t\t<input type=\"hidden\" name=\"trp-form-language\" value=\"en\"\/><\/form>\n\t\t\t\t\t\t<\/div>\n\t\t\t\t<\/div>\n\t\t\t\t<\/div>\n\t\t\t\t\t<\/div>\n\t\t\t\t<\/div>\n\t\t<div class=\"elementor-element elementor-element-0dde603 e-flex e-con-boxed e-con e-parent\" data-id=\"0dde603\" data-element_type=\"container\" data-settings=\"{&quot;background_background&quot;:&quot;classic&quot;}\">\n\t\t\t\t\t<div class=\"e-con-inner\">\n\t\t<div class=\"elementor-element elementor-element-92a4fe7 e-con-full e-grid e-con e-child\" data-id=\"92a4fe7\" data-element_type=\"container\">\n\t\t<div class=\"elementor-element elementor-element-f58e8ad e-con-full e-flex e-con e-child\" data-id=\"f58e8ad\" data-element_type=\"container\" data-settings=\"{&quot;background_background&quot;:&quot;classic&quot;}\">\n\t\t\t\t<div class=\"elementor-element elementor-element-3dadf0b elementor-widget elementor-widget-image\" data-id=\"3dadf0b\" data-element_type=\"widget\" data-widget_type=\"image.default\">\n\t\t\t\t<div class=\"elementor-widget-container\">\n\t\t\t\t\t\t\t\t\t\t\t\t\t\t\t<img decoding=\"async\" width=\"63\" height=\"62\" src=\"https:\/\/anilox.hr\/wp-content\/uploads\/2024\/12\/poboljsanje-icon.svg\" class=\"attachment-full size-full wp-image-348\" alt=\"\" \/>\t\t\t\t\t\t\t\t\t\t\t\t\t\t\t<\/div>\n\t\t\t\t<\/div>\n\t\t\t\t<div class=\"elementor-element elementor-element-6362d35 elementor-widget elementor-widget-heading\" data-id=\"6362d35\" data-element_type=\"widget\" data-widget_type=\"heading.default\">\n\t\t\t\t<div class=\"elementor-widget-container\">\n\t\t\t\t\t<h5 class=\"elementor-heading-title elementor-size-default\">Continuous improvement<\/h5>\t\t\t\t<\/div>\n\t\t\t\t<\/div>\n\t\t\t\t<div class=\"elementor-element elementor-element-f77b0b5 elementor-widget elementor-widget-heading\" data-id=\"f77b0b5\" data-element_type=\"widget\" data-widget_type=\"heading.default\">\n\t\t\t\t<div class=\"elementor-widget-container\">\n\t\t\t\t\t<div class=\"elementor-heading-title elementor-size-default\">Through continuous <b>improvements in production processes<\/b> and services, we achieve a positive trend in customer satisfaction.<\/div>\t\t\t\t<\/div>\n\t\t\t\t<\/div>\n\t\t\t\t<\/div>\n\t\t<div class=\"elementor-element elementor-element-d745b48 e-con-full e-flex e-con e-child\" data-id=\"d745b48\" data-element_type=\"container\" data-settings=\"{&quot;background_background&quot;:&quot;classic&quot;}\">\n\t\t\t\t<div class=\"elementor-element elementor-element-c3db47c elementor-widget elementor-widget-image\" data-id=\"c3db47c\" data-element_type=\"widget\" data-widget_type=\"image.default\">\n\t\t\t\t<div class=\"elementor-widget-container\">\n\t\t\t\t\t\t\t\t\t\t\t\t\t\t\t<img fetchpriority=\"high\" decoding=\"async\" width=\"1724\" height=\"1052\" src=\"https:\/\/anilox.hr\/wp-content\/uploads\/2025\/03\/kisspng-brand-logo-product-design-bureau-veritas-updated-iso-certifications-for-qhaus-q-haus-pref-5b74f22b18cf46.1066069415343908271016.png\" class=\"attachment-full size-full wp-image-891\" alt=\"\" srcset=\"https:\/\/anilox.hr\/wp-content\/uploads\/2025\/03\/kisspng-brand-logo-product-design-bureau-veritas-updated-iso-certifications-for-qhaus-q-haus-pref-5b74f22b18cf46.1066069415343908271016.png 1724w, https:\/\/anilox.hr\/wp-content\/uploads\/2025\/03\/kisspng-brand-logo-product-design-bureau-veritas-updated-iso-certifications-for-qhaus-q-haus-pref-5b74f22b18cf46.1066069415343908271016-300x183.png 300w, https:\/\/anilox.hr\/wp-content\/uploads\/2025\/03\/kisspng-brand-logo-product-design-bureau-veritas-updated-iso-certifications-for-qhaus-q-haus-pref-5b74f22b18cf46.1066069415343908271016-1024x625.png 1024w, https:\/\/anilox.hr\/wp-content\/uploads\/2025\/03\/kisspng-brand-logo-product-design-bureau-veritas-updated-iso-certifications-for-qhaus-q-haus-pref-5b74f22b18cf46.1066069415343908271016-768x469.png 768w, https:\/\/anilox.hr\/wp-content\/uploads\/2025\/03\/kisspng-brand-logo-product-design-bureau-veritas-updated-iso-certifications-for-qhaus-q-haus-pref-5b74f22b18cf46.1066069415343908271016-1536x937.png 1536w, https:\/\/anilox.hr\/wp-content\/uploads\/2025\/03\/kisspng-brand-logo-product-design-bureau-veritas-updated-iso-certifications-for-qhaus-q-haus-pref-5b74f22b18cf46.1066069415343908271016-18x12.png 18w\" sizes=\"(max-width: 1724px) 100vw, 1724px\" \/>\t\t\t\t\t\t\t\t\t\t\t\t\t\t\t<\/div>\n\t\t\t\t<\/div>\n\t\t\t\t<div class=\"elementor-element elementor-element-6dc850f elementor-widget elementor-widget-heading\" data-id=\"6dc850f\" data-element_type=\"widget\" data-widget_type=\"heading.default\">\n\t\t\t\t<div class=\"elementor-widget-container\">\n\t\t\t\t\t<h5 class=\"elementor-heading-title elementor-size-default\">ISO 9001:2015 &amp; ISO 14001:2015<\/h5>\t\t\t\t<\/div>\n\t\t\t\t<\/div>\n\t\t\t\t<div class=\"elementor-element elementor-element-be17822 elementor-widget elementor-widget-heading\" data-id=\"be17822\" data-element_type=\"widget\" data-widget_type=\"heading.default\">\n\t\t\t\t<div class=\"elementor-widget-container\">\n\t\t\t\t\t<div class=\"elementor-heading-title elementor-size-default\">Anilox has established <b>an effective quality management system<\/b> in accordance with the requirements of the ISO 9001:2015 standard.<\/div>\t\t\t\t<\/div>\n\t\t\t\t<\/div>\n\t\t\t\t<\/div>\n\t\t<div class=\"elementor-element elementor-element-c2c2642 e-con-full e-flex e-con e-child\" data-id=\"c2c2642\" data-element_type=\"container\" data-settings=\"{&quot;background_background&quot;:&quot;classic&quot;}\">\n\t\t\t\t<div class=\"elementor-element elementor-element-84addff elementor-widget elementor-widget-image\" data-id=\"84addff\" data-element_type=\"widget\" data-widget_type=\"image.default\">\n\t\t\t\t<div class=\"elementor-widget-container\">\n\t\t\t\t\t\t\t\t\t\t\t\t\t\t\t<img decoding=\"async\" width=\"63\" height=\"62\" src=\"https:\/\/anilox.hr\/wp-content\/uploads\/2024\/12\/posl-poslitika-icon.svg\" class=\"attachment-full size-full wp-image-349\" alt=\"\" \/>\t\t\t\t\t\t\t\t\t\t\t\t\t\t\t<\/div>\n\t\t\t\t<\/div>\n\t\t\t\t<div class=\"elementor-element elementor-element-12ce8aa elementor-widget elementor-widget-heading\" data-id=\"12ce8aa\" data-element_type=\"widget\" data-widget_type=\"heading.default\">\n\t\t\t\t<div class=\"elementor-widget-container\">\n\t\t\t\t\t<h5 class=\"elementor-heading-title elementor-size-default\">Company policy<\/h5>\t\t\t\t<\/div>\n\t\t\t\t<\/div>\n\t\t\t\t<div class=\"elementor-element elementor-element-799f81d elementor-widget elementor-widget-heading\" data-id=\"799f81d\" data-element_type=\"widget\" data-widget_type=\"heading.default\">\n\t\t\t\t<div class=\"elementor-widget-container\">\n\t\t\t\t\t<div class=\"elementor-heading-title elementor-size-default\">Anilox's business policy is focused on <b>the effectiveness of the quality<\/b> management system.<\/div>\t\t\t\t<\/div>\n\t\t\t\t<\/div>\n\t\t\t\t<\/div>\n\t\t\t\t<\/div>\n\t\t\t\t\t<\/div>\n\t\t\t\t<\/div>\n\t\t\t\t<\/div>","protected":false},"excerpt":{"rendered":"<p>Gdje se nalazimo? Anilox d.o.o.Industrijska ulica 252341 \u017dminj, Hrvatska KONTAKT podaci tel: +385 52 845 400 fax: +385 52 845 410 mail: anilox@anilox.hr po\u0161aljite upit Kontinuirano Pobolj\u0161anje Kontinuiranim pobolj\u0161anjima proizvodnih procesa i usluga ostvarujemo pozitivan trend zadovoljstva na\u0161ih kupaca. ISO 9001:2015 i ISO 14001:2015 U Aniloxu je uspostavljen djelotvoran sustav upravljanja kvalitetom sukladno zahtjevima standarda [&hellip;]<\/p>","protected":false},"author":1,"featured_media":0,"parent":0,"menu_order":0,"comment_status":"closed","ping_status":"closed","template":"elementor_header_footer","meta":{"_acf_changed":false,"inline_featured_image":false,"footnotes":""},"class_list":["post-545","page","type-page","status-publish","hentry"],"acf":[],"yoast_head":"<!-- This site is optimized with the Yoast SEO plugin v25.2 - https:\/\/yoast.com\/wordpress\/plugins\/seo\/ -->\n<title>Kontakt &#8211; Anilox<\/title>\n<meta name=\"robots\" content=\"index, follow, max-snippet:-1, max-image-preview:large, max-video-preview:-1\" \/>\n<link rel=\"canonical\" href=\"https:\/\/anilox.hr\/en\/kontakt\/\" \/>\n<meta property=\"og:locale\" content=\"en_GB\" \/>\n<meta property=\"og:type\" content=\"article\" \/>\n<meta property=\"og:title\" content=\"Kontakt &#8211; Anilox\" \/>\n<meta property=\"og:description\" content=\"Gdje se nalazimo? Anilox d.o.o.Industrijska ulica 252341 \u017dminj, Hrvatska KONTAKT podaci tel: +385 52 845 400 fax: +385 52 845 410 mail: anilox@anilox.hr po\u0161aljite upit Kontinuirano Pobolj\u0161anje Kontinuiranim pobolj\u0161anjima proizvodnih procesa i usluga ostvarujemo pozitivan trend zadovoljstva na\u0161ih kupaca. ISO 9001:2015 i ISO 14001:2015 U Aniloxu je uspostavljen djelotvoran sustav upravljanja kvalitetom sukladno zahtjevima standarda [&hellip;]\" \/>\n<meta property=\"og:url\" content=\"https:\/\/anilox.hr\/en\/kontakt\/\" \/>\n<meta property=\"og:site_name\" content=\"Anilox\" \/>\n<meta property=\"article:modified_time\" content=\"2025-03-26T13:50:33+00:00\" \/>\n<meta property=\"og:image\" content=\"https:\/\/anilox.hr\/wp-content\/uploads\/2024\/12\/dubok-tisak-valjci-featured-min.jpg\" \/>\n\t<meta property=\"og:image:width\" content=\"822\" \/>\n\t<meta property=\"og:image:height\" content=\"822\" \/>\n\t<meta property=\"og:image:type\" content=\"image\/jpeg\" \/>\n<meta name=\"twitter:card\" content=\"summary_large_image\" \/>\n<script type=\"application\/ld+json\" class=\"yoast-schema-graph\">{\"@context\":\"https:\/\/schema.org\",\"@graph\":[{\"@type\":\"WebPage\",\"@id\":\"https:\/\/anilox.hr\/kontakt\/\",\"url\":\"https:\/\/anilox.hr\/kontakt\/\",\"name\":\"Kontakt &#8211; Anilox\",\"isPartOf\":{\"@id\":\"https:\/\/anilox.hr\/#website\"},\"primaryImageOfPage\":{\"@id\":\"https:\/\/anilox.hr\/kontakt\/#primaryimage\"},\"image\":{\"@id\":\"https:\/\/anilox.hr\/kontakt\/#primaryimage\"},\"thumbnailUrl\":\"https:\/\/anilox.hr\/wp-content\/uploads\/2024\/12\/poboljsanje-icon.svg\",\"datePublished\":\"2024-12-17T15:27:20+00:00\",\"dateModified\":\"2025-03-26T13:50:33+00:00\",\"breadcrumb\":{\"@id\":\"https:\/\/anilox.hr\/kontakt\/#breadcrumb\"},\"inLanguage\":\"en-GB\",\"potentialAction\":[{\"@type\":\"ReadAction\",\"target\":[\"https:\/\/anilox.hr\/kontakt\/\"]}]},{\"@type\":\"ImageObject\",\"inLanguage\":\"en-GB\",\"@id\":\"https:\/\/anilox.hr\/kontakt\/#primaryimage\",\"url\":\"https:\/\/anilox.hr\/wp-content\/uploads\/2024\/12\/poboljsanje-icon.svg\",\"contentUrl\":\"https:\/\/anilox.hr\/wp-content\/uploads\/2024\/12\/poboljsanje-icon.svg\"},{\"@type\":\"BreadcrumbList\",\"@id\":\"https:\/\/anilox.hr\/kontakt\/#breadcrumb\",\"itemListElement\":[{\"@type\":\"ListItem\",\"position\":1,\"name\":\"Home\",\"item\":\"https:\/\/anilox.hr\/\"},{\"@type\":\"ListItem\",\"position\":2,\"name\":\"Kontakt\"}]},{\"@type\":\"WebSite\",\"@id\":\"https:\/\/anilox.hr\/#website\",\"url\":\"https:\/\/anilox.hr\/\",\"name\":\"Anilox\",\"description\":\"\",\"publisher\":{\"@id\":\"https:\/\/anilox.hr\/#organization\"},\"potentialAction\":[{\"@type\":\"SearchAction\",\"target\":{\"@type\":\"EntryPoint\",\"urlTemplate\":\"https:\/\/anilox.hr\/?s={search_term_string}\"},\"query-input\":{\"@type\":\"PropertyValueSpecification\",\"valueRequired\":true,\"valueName\":\"search_term_string\"}}],\"inLanguage\":\"en-GB\"},{\"@type\":\"Organization\",\"@id\":\"https:\/\/anilox.hr\/#organization\",\"name\":\"Anilox\",\"url\":\"https:\/\/anilox.hr\/\",\"logo\":{\"@type\":\"ImageObject\",\"inLanguage\":\"en-GB\",\"@id\":\"https:\/\/anilox.hr\/#\/schema\/logo\/image\/\",\"url\":\"https:\/\/anilox.hr\/wp-content\/uploads\/2024\/12\/anilox-logo-dark.svg\",\"contentUrl\":\"https:\/\/anilox.hr\/wp-content\/uploads\/2024\/12\/anilox-logo-dark.svg\",\"width\":188,\"height\":52,\"caption\":\"Anilox\"},\"image\":{\"@id\":\"https:\/\/anilox.hr\/#\/schema\/logo\/image\/\"}}]}<\/script>\n<!-- \/ Yoast SEO plugin. -->","yoast_head_json":{"title":"Kontakt &#8211; Anilox","robots":{"index":"index","follow":"follow","max-snippet":"max-snippet:-1","max-image-preview":"max-image-preview:large","max-video-preview":"max-video-preview:-1"},"canonical":"https:\/\/anilox.hr\/en\/kontakt\/","og_locale":"en_GB","og_type":"article","og_title":"Kontakt &#8211; Anilox","og_description":"Gdje se nalazimo? Anilox d.o.o.Industrijska ulica 252341 \u017dminj, Hrvatska KONTAKT podaci tel: +385 52 845 400 fax: +385 52 845 410 mail: anilox@anilox.hr po\u0161aljite upit Kontinuirano Pobolj\u0161anje Kontinuiranim pobolj\u0161anjima proizvodnih procesa i usluga ostvarujemo pozitivan trend zadovoljstva na\u0161ih kupaca. ISO 9001:2015 i ISO 14001:2015 U Aniloxu je uspostavljen djelotvoran sustav upravljanja kvalitetom sukladno zahtjevima standarda [&hellip;]","og_url":"https:\/\/anilox.hr\/en\/kontakt\/","og_site_name":"Anilox","article_modified_time":"2025-03-26T13:50:33+00:00","og_image":[{"width":822,"height":822,"url":"https:\/\/anilox.hr\/wp-content\/uploads\/2024\/12\/dubok-tisak-valjci-featured-min.jpg","type":"image\/jpeg"}],"twitter_card":"summary_large_image","schema":{"@context":"https:\/\/schema.org","@graph":[{"@type":"WebPage","@id":"https:\/\/anilox.hr\/kontakt\/","url":"https:\/\/anilox.hr\/kontakt\/","name":"Kontakt &#8211; Anilox","isPartOf":{"@id":"https:\/\/anilox.hr\/#website"},"primaryImageOfPage":{"@id":"https:\/\/anilox.hr\/kontakt\/#primaryimage"},"image":{"@id":"https:\/\/anilox.hr\/kontakt\/#primaryimage"},"thumbnailUrl":"https:\/\/anilox.hr\/wp-content\/uploads\/2024\/12\/poboljsanje-icon.svg","datePublished":"2024-12-17T15:27:20+00:00","dateModified":"2025-03-26T13:50:33+00:00","breadcrumb":{"@id":"https:\/\/anilox.hr\/kontakt\/#breadcrumb"},"inLanguage":"en-GB","potentialAction":[{"@type":"ReadAction","target":["https:\/\/anilox.hr\/kontakt\/"]}]},{"@type":"ImageObject","inLanguage":"en-GB","@id":"https:\/\/anilox.hr\/kontakt\/#primaryimage","url":"https:\/\/anilox.hr\/wp-content\/uploads\/2024\/12\/poboljsanje-icon.svg","contentUrl":"https:\/\/anilox.hr\/wp-content\/uploads\/2024\/12\/poboljsanje-icon.svg"},{"@type":"BreadcrumbList","@id":"https:\/\/anilox.hr\/kontakt\/#breadcrumb","itemListElement":[{"@type":"ListItem","position":1,"name":"Home","item":"https:\/\/anilox.hr\/"},{"@type":"ListItem","position":2,"name":"Kontakt"}]},{"@type":"WebSite","@id":"https:\/\/anilox.hr\/#website","url":"https:\/\/anilox.hr\/","name":"Anilox","description":"","publisher":{"@id":"https:\/\/anilox.hr\/#organization"},"potentialAction":[{"@type":"SearchAction","target":{"@type":"EntryPoint","urlTemplate":"https:\/\/anilox.hr\/?s={search_term_string}"},"query-input":{"@type":"PropertyValueSpecification","valueRequired":true,"valueName":"search_term_string"}}],"inLanguage":"en-GB"},{"@type":"Organization","@id":"https:\/\/anilox.hr\/#organization","name":"Anilox","url":"https:\/\/anilox.hr\/","logo":{"@type":"ImageObject","inLanguage":"en-GB","@id":"https:\/\/anilox.hr\/#\/schema\/logo\/image\/","url":"https:\/\/anilox.hr\/wp-content\/uploads\/2024\/12\/anilox-logo-dark.svg","contentUrl":"https:\/\/anilox.hr\/wp-content\/uploads\/2024\/12\/anilox-logo-dark.svg","width":188,"height":52,"caption":"Anilox"},"image":{"@id":"https:\/\/anilox.hr\/#\/schema\/logo\/image\/"}}]}},"_links":{"self":[{"href":"https:\/\/anilox.hr\/en\/wp-json\/wp\/v2\/pages\/545","targetHints":{"allow":["GET"]}}],"collection":[{"href":"https:\/\/anilox.hr\/en\/wp-json\/wp\/v2\/pages"}],"about":[{"href":"https:\/\/anilox.hr\/en\/wp-json\/wp\/v2\/types\/page"}],"author":[{"embeddable":true,"href":"https:\/\/anilox.hr\/en\/wp-json\/wp\/v2\/users\/1"}],"replies":[{"embeddable":true,"href":"https:\/\/anilox.hr\/en\/wp-json\/wp\/v2\/comments?post=545"}],"version-history":[{"count":0,"href":"https:\/\/anilox.hr\/en\/wp-json\/wp\/v2\/pages\/545\/revisions"}],"wp:attachment":[{"href":"https:\/\/anilox.hr\/en\/wp-json\/wp\/v2\/media?parent=545"}],"curies":[{"name":"wp","href":"https:\/\/api.w.org\/{rel}","templated":true}]}}