{"id":526,"date":"2024-12-17T16:15:13","date_gmt":"2024-12-17T15:15:13","guid":{"rendered":"https:\/\/anilox.hr\/?page_id=526"},"modified":"2024-12-17T16:20:03","modified_gmt":"2024-12-17T15:20:03","slug":"realizacija-norveskih-fondova","status":"publish","type":"page","link":"https:\/\/anilox.hr\/en\/realizacija-norveskih-fondova\/","title":{"rendered":"Realization of Norwegian funds"},"content":{"rendered":"<div data-elementor-type=\"wp-page\" data-elementor-id=\"526\" class=\"elementor elementor-526\" data-elementor-post-type=\"page\">\n\t\t\t\t<div class=\"elementor-element elementor-element-778d3ae e-flex e-con-boxed e-con e-parent\" data-id=\"778d3ae\" data-element_type=\"container\">\n\t\t\t\t\t<div class=\"e-con-inner\">\n\t\t<div class=\"elementor-element elementor-element-5718876 e-con-full e-flex e-con e-child\" data-id=\"5718876\" data-element_type=\"container\">\n\t\t<div class=\"elementor-element elementor-element-58452ef e-con-full e-flex e-con e-child\" data-id=\"58452ef\" data-element_type=\"container\" data-settings=\"{&quot;sticky&quot;:&quot;top&quot;,&quot;sticky_parent&quot;:&quot;yes&quot;,&quot;sticky_on&quot;:[&quot;widescreen&quot;,&quot;desktop&quot;,&quot;laptop&quot;,&quot;tablet_extra&quot;,&quot;tablet&quot;,&quot;mobile_extra&quot;,&quot;mobile&quot;],&quot;sticky_offset&quot;:0,&quot;sticky_effects_offset&quot;:0,&quot;sticky_anchor_link_offset&quot;:0}\">\n\t\t\t\t<div class=\"elementor-element elementor-element-02258c1 elementor-align-left ax__link-pages-nav elementor-icon-list--layout-traditional elementor-list-item-link-full_width elementor-widget elementor-widget-icon-list\" data-id=\"02258c1\" data-element_type=\"widget\" data-widget_type=\"icon-list.default\">\n\t\t\t\t<div class=\"elementor-widget-container\">\n\t\t\t\t\t\t\t<ul class=\"elementor-icon-list-items\">\n\t\t\t\t\t\t\t<li class=\"elementor-icon-list-item\">\n\t\t\t\t\t\t\t\t\t\t\t<a href=\"\/en\/norveski-fondovi\/\">\n\n\t\t\t\t\t\t\t\t\t\t\t<span class=\"elementor-icon-list-text\">Norwegian funds<\/span>\n\t\t\t\t\t\t\t\t\t\t\t<\/a>\n\t\t\t\t\t\t\t\t\t<\/li>\n\t\t\t\t\t\t\t\t<li class=\"elementor-icon-list-item\">\n\t\t\t\t\t\t\t\t\t\t\t<a href=\"#\">\n\n\t\t\t\t\t\t\t\t\t\t\t<span class=\"elementor-icon-list-text\">Realization of Norwegian funds<\/span>\n\t\t\t\t\t\t\t\t\t\t\t<\/a>\n\t\t\t\t\t\t\t\t\t<\/li>\n\t\t\t\t\t\t<\/ul>\n\t\t\t\t\t\t<\/div>\n\t\t\t\t<\/div>\n\t\t\t\t<\/div>\n\t\t\t\t<\/div>\n\t\t<div class=\"elementor-element elementor-element-8965e9a e-con-full e-flex e-con e-child\" data-id=\"8965e9a\" data-element_type=\"container\">\n\t\t\t\t<div class=\"elementor-element elementor-element-ff0a16e elementor-widget elementor-widget-heading\" data-id=\"ff0a16e\" data-element_type=\"widget\" data-widget_type=\"heading.default\">\n\t\t\t\t<div class=\"elementor-widget-container\">\n\t\t\t\t\t<h1 class=\"elementor-heading-title elementor-size-default\">Realization of Norwegian funds<\/h1>\t\t\t\t<\/div>\n\t\t\t\t<\/div>\n\t\t\t\t<div class=\"elementor-element elementor-element-b9a0079 elementor-widget elementor-widget-text-editor\" data-id=\"b9a0079\" data-element_type=\"widget\" data-widget_type=\"text-editor.default\">\n\t\t\t\t<div class=\"elementor-widget-container\">\n\t\t\t\t\t\t\t\t\t<blockquote><h3><strong>Our company successfully implemented the \"Direct Laser Engraving\" project and achieved over 800 thousand euros in support from Norwegian funds.<\/strong><\/h3><\/blockquote><p>On February 15, 2024, in Anilox offices the final conference of the project\u00a0<strong>\u201eDirect Laser Engraving\u201c<\/strong>\u00a0was held, where the achieved results were presented.<strong>\u00a0Anilox is a leading company in the region in the field of graphic prepress, production and engraving of rollers for printing flexible packaging and printing in the decor industry. Environmental protection is one of the company's priorities, and is implemented by applying the principles of sustainable development and cleaner production.<\/strong>\u00a0At the conference, we were addressed with appropriate remarks and a presentation of the results by:<\/p><ul><li>Zdenko Mo\u010dibob, president of the management board of Anilox \u2013 project leader<\/li><li>Daniel Puci\u0107, project manager at Anilox \u2013 project coordinator<\/li><li>Sanjin Hrvatin, executive director at Anilox<\/li><\/ul><p><strong>Goal of the project, which is\u00a0<\/strong>successfully achieved\u00a0<strong>\u00a0<\/strong>represents further greening of the Anilox production process through the procurement and implementation of new, energy-efficient and technologically advanced production equipment, consisting of a system for direct laser engraving of gravure rollers, as well as equipment for control, testing and development of engraving, a press for test printing of rollers, a portable spectrometer and densitometer, and software for creating 3D engraved cells.<\/p><p>The following devices have been procured:<\/p><p><strong>Hell, Cellaxy C500 V5<\/strong><\/p><p><img fetchpriority=\"high\" decoding=\"async\" class=\"alignnone size-full wp-image-535\" src=\"http:\/\/anilox.hr\/wp-content\/uploads\/2024\/12\/print-1-min-min.png\" alt=\"\" width=\"1500\" height=\"571\" srcset=\"https:\/\/anilox.hr\/wp-content\/uploads\/2024\/12\/print-1-min-min.png 1500w, https:\/\/anilox.hr\/wp-content\/uploads\/2024\/12\/print-1-min-min-300x114.png 300w, https:\/\/anilox.hr\/wp-content\/uploads\/2024\/12\/print-1-min-min-1024x390.png 1024w, https:\/\/anilox.hr\/wp-content\/uploads\/2024\/12\/print-1-min-min-768x292.png 768w\" sizes=\"(max-width: 1500px) 100vw, 1500px\" \/><\/p><p><strong>Heaford, Proof Press HA 3500\u00d71800<\/strong><\/p><p><img decoding=\"async\" class=\"alignnone size-full wp-image-536\" src=\"http:\/\/anilox.hr\/wp-content\/uploads\/2024\/12\/print-2-min.png\" alt=\"\" width=\"1248\" height=\"991\" srcset=\"https:\/\/anilox.hr\/wp-content\/uploads\/2024\/12\/print-2-min.png 1248w, https:\/\/anilox.hr\/wp-content\/uploads\/2024\/12\/print-2-min-300x238.png 300w, https:\/\/anilox.hr\/wp-content\/uploads\/2024\/12\/print-2-min-1024x813.png 1024w, https:\/\/anilox.hr\/wp-content\/uploads\/2024\/12\/print-2-min-768x610.png 768w\" sizes=\"(max-width: 1248px) 100vw, 1248px\" \/><\/p><p><strong>X-Rite Pantone Exact 2 Plus<\/strong><\/p><p><img decoding=\"async\" class=\"alignnone size-full wp-image-537\" src=\"http:\/\/anilox.hr\/wp-content\/uploads\/2024\/12\/print-3-min.png\" alt=\"\" width=\"800\" height=\"800\" srcset=\"https:\/\/anilox.hr\/wp-content\/uploads\/2024\/12\/print-3-min.png 800w, https:\/\/anilox.hr\/wp-content\/uploads\/2024\/12\/print-3-min-300x300.png 300w, https:\/\/anilox.hr\/wp-content\/uploads\/2024\/12\/print-3-min-150x150.png 150w, https:\/\/anilox.hr\/wp-content\/uploads\/2024\/12\/print-3-min-768x768.png 768w\" sizes=\"(max-width: 800px) 100vw, 800px\" \/><\/p>\t\t\t\t\t\t\t\t<\/div>\n\t\t\t\t<\/div>\n\t\t\t\t<\/div>\n\t\t\t\t\t<\/div>\n\t\t\t\t<\/div>\n\t\t\t\t<\/div>","protected":false},"excerpt":{"rendered":"<p>Norve\u0161ki fondovi Realizacija Norve\u0161kih fondova Na\u0161a tvrtka uspje\u0161no je realizirala projekt \u201eDirect Laser Engraving\u201c i pri tome ostvarila preko 800 tisu\u0107a eura potpore iz sredstava norve\u0161kih fondova Dana 15.2.2024. godine, u uredima tvrtke Anilox, odr\u017eana je zavr\u0161na konferencija projekta\u00a0\u201eDirect Laser Engraving\u201c\u00a0na kojoj su prezentirani ostvareni rezultati.\u00a0Anilox je vode\u0107a tvrtka u regiji u podru\u010dju grafi\u010dke pripreme, [&hellip;]<\/p>","protected":false},"author":1,"featured_media":0,"parent":0,"menu_order":0,"comment_status":"closed","ping_status":"closed","template":"elementor_header_footer","meta":{"_acf_changed":false,"inline_featured_image":false,"footnotes":""},"class_list":["post-526","page","type-page","status-publish","hentry"],"acf":[],"yoast_head":"<!-- This site is optimized with the Yoast SEO plugin v25.2 - https:\/\/yoast.com\/wordpress\/plugins\/seo\/ -->\n<title>Realizacija Norve\u0161kih fondova &#8211; Anilox<\/title>\n<meta name=\"robots\" content=\"index, follow, max-snippet:-1, max-image-preview:large, max-video-preview:-1\" \/>\n<link rel=\"canonical\" href=\"https:\/\/anilox.hr\/en\/realizacija-norveskih-fondova\/\" \/>\n<meta property=\"og:locale\" content=\"en_GB\" \/>\n<meta property=\"og:type\" content=\"article\" \/>\n<meta property=\"og:title\" content=\"Realizacija Norve\u0161kih fondova &#8211; Anilox\" \/>\n<meta property=\"og:description\" content=\"Norve\u0161ki fondovi Realizacija Norve\u0161kih fondova Na\u0161a tvrtka uspje\u0161no je realizirala projekt \u201eDirect Laser Engraving\u201c i pri tome ostvarila preko 800 tisu\u0107a eura potpore iz sredstava norve\u0161kih fondova Dana 15.2.2024. godine, u uredima tvrtke Anilox, odr\u017eana je zavr\u0161na konferencija projekta\u00a0\u201eDirect Laser Engraving\u201c\u00a0na kojoj su prezentirani ostvareni rezultati.\u00a0Anilox je vode\u0107a tvrtka u regiji u podru\u010dju grafi\u010dke pripreme, [&hellip;]\" \/>\n<meta property=\"og:url\" content=\"https:\/\/anilox.hr\/en\/realizacija-norveskih-fondova\/\" \/>\n<meta property=\"og:site_name\" content=\"Anilox\" \/>\n<meta property=\"article:modified_time\" content=\"2024-12-17T15:20:03+00:00\" \/>\n<meta property=\"og:image\" content=\"https:\/\/anilox.hr\/wp-content\/uploads\/2024\/12\/print-1-min-min.png\" \/>\n<meta name=\"twitter:card\" content=\"summary_large_image\" \/>\n<meta name=\"twitter:label1\" content=\"Estimated reading time\" \/>\n\t<meta name=\"twitter:data1\" content=\"1 minute\" \/>\n<script type=\"application\/ld+json\" class=\"yoast-schema-graph\">{\"@context\":\"https:\/\/schema.org\",\"@graph\":[{\"@type\":\"WebPage\",\"@id\":\"https:\/\/anilox.hr\/realizacija-norveskih-fondova\/\",\"url\":\"https:\/\/anilox.hr\/realizacija-norveskih-fondova\/\",\"name\":\"Realizacija Norve\u0161kih fondova &#8211; Anilox\",\"isPartOf\":{\"@id\":\"https:\/\/anilox.hr\/#website\"},\"primaryImageOfPage\":{\"@id\":\"https:\/\/anilox.hr\/realizacija-norveskih-fondova\/#primaryimage\"},\"image\":{\"@id\":\"https:\/\/anilox.hr\/realizacija-norveskih-fondova\/#primaryimage\"},\"thumbnailUrl\":\"https:\/\/anilox.hr\/wp-content\/uploads\/2024\/12\/print-1-min-min.png\",\"datePublished\":\"2024-12-17T15:15:13+00:00\",\"dateModified\":\"2024-12-17T15:20:03+00:00\",\"breadcrumb\":{\"@id\":\"https:\/\/anilox.hr\/realizacija-norveskih-fondova\/#breadcrumb\"},\"inLanguage\":\"en-GB\",\"potentialAction\":[{\"@type\":\"ReadAction\",\"target\":[\"https:\/\/anilox.hr\/realizacija-norveskih-fondova\/\"]}]},{\"@type\":\"ImageObject\",\"inLanguage\":\"en-GB\",\"@id\":\"https:\/\/anilox.hr\/realizacija-norveskih-fondova\/#primaryimage\",\"url\":\"https:\/\/anilox.hr\/wp-content\/uploads\/2024\/12\/print-1-min-min.png\",\"contentUrl\":\"https:\/\/anilox.hr\/wp-content\/uploads\/2024\/12\/print-1-min-min.png\"},{\"@type\":\"BreadcrumbList\",\"@id\":\"https:\/\/anilox.hr\/realizacija-norveskih-fondova\/#breadcrumb\",\"itemListElement\":[{\"@type\":\"ListItem\",\"position\":1,\"name\":\"Home\",\"item\":\"https:\/\/anilox.hr\/\"},{\"@type\":\"ListItem\",\"position\":2,\"name\":\"Realizacija Norve\u0161kih fondova\"}]},{\"@type\":\"WebSite\",\"@id\":\"https:\/\/anilox.hr\/#website\",\"url\":\"https:\/\/anilox.hr\/\",\"name\":\"Anilox\",\"description\":\"\",\"publisher\":{\"@id\":\"https:\/\/anilox.hr\/#organization\"},\"potentialAction\":[{\"@type\":\"SearchAction\",\"target\":{\"@type\":\"EntryPoint\",\"urlTemplate\":\"https:\/\/anilox.hr\/?s={search_term_string}\"},\"query-input\":{\"@type\":\"PropertyValueSpecification\",\"valueRequired\":true,\"valueName\":\"search_term_string\"}}],\"inLanguage\":\"en-GB\"},{\"@type\":\"Organization\",\"@id\":\"https:\/\/anilox.hr\/#organization\",\"name\":\"Anilox\",\"url\":\"https:\/\/anilox.hr\/\",\"logo\":{\"@type\":\"ImageObject\",\"inLanguage\":\"en-GB\",\"@id\":\"https:\/\/anilox.hr\/#\/schema\/logo\/image\/\",\"url\":\"https:\/\/anilox.hr\/wp-content\/uploads\/2024\/12\/anilox-logo-dark.svg\",\"contentUrl\":\"https:\/\/anilox.hr\/wp-content\/uploads\/2024\/12\/anilox-logo-dark.svg\",\"width\":188,\"height\":52,\"caption\":\"Anilox\"},\"image\":{\"@id\":\"https:\/\/anilox.hr\/#\/schema\/logo\/image\/\"}}]}<\/script>\n<!-- \/ Yoast SEO plugin. -->","yoast_head_json":{"title":"Realizacija Norve\u0161kih fondova &#8211; Anilox","robots":{"index":"index","follow":"follow","max-snippet":"max-snippet:-1","max-image-preview":"max-image-preview:large","max-video-preview":"max-video-preview:-1"},"canonical":"https:\/\/anilox.hr\/en\/realizacija-norveskih-fondova\/","og_locale":"en_GB","og_type":"article","og_title":"Realizacija Norve\u0161kih fondova &#8211; Anilox","og_description":"Norve\u0161ki fondovi Realizacija Norve\u0161kih fondova Na\u0161a tvrtka uspje\u0161no je realizirala projekt \u201eDirect Laser Engraving\u201c i pri tome ostvarila preko 800 tisu\u0107a eura potpore iz sredstava norve\u0161kih fondova Dana 15.2.2024. godine, u uredima tvrtke Anilox, odr\u017eana je zavr\u0161na konferencija projekta\u00a0\u201eDirect Laser Engraving\u201c\u00a0na kojoj su prezentirani ostvareni rezultati.\u00a0Anilox je vode\u0107a tvrtka u regiji u podru\u010dju grafi\u010dke pripreme, [&hellip;]","og_url":"https:\/\/anilox.hr\/en\/realizacija-norveskih-fondova\/","og_site_name":"Anilox","article_modified_time":"2024-12-17T15:20:03+00:00","og_image":[{"url":"https:\/\/anilox.hr\/wp-content\/uploads\/2024\/12\/print-1-min-min.png","type":"","width":"","height":""}],"twitter_card":"summary_large_image","twitter_misc":{"Estimated reading time":"1 minute"},"schema":{"@context":"https:\/\/schema.org","@graph":[{"@type":"WebPage","@id":"https:\/\/anilox.hr\/realizacija-norveskih-fondova\/","url":"https:\/\/anilox.hr\/realizacija-norveskih-fondova\/","name":"Realizacija Norve\u0161kih fondova &#8211; Anilox","isPartOf":{"@id":"https:\/\/anilox.hr\/#website"},"primaryImageOfPage":{"@id":"https:\/\/anilox.hr\/realizacija-norveskih-fondova\/#primaryimage"},"image":{"@id":"https:\/\/anilox.hr\/realizacija-norveskih-fondova\/#primaryimage"},"thumbnailUrl":"https:\/\/anilox.hr\/wp-content\/uploads\/2024\/12\/print-1-min-min.png","datePublished":"2024-12-17T15:15:13+00:00","dateModified":"2024-12-17T15:20:03+00:00","breadcrumb":{"@id":"https:\/\/anilox.hr\/realizacija-norveskih-fondova\/#breadcrumb"},"inLanguage":"en-GB","potentialAction":[{"@type":"ReadAction","target":["https:\/\/anilox.hr\/realizacija-norveskih-fondova\/"]}]},{"@type":"ImageObject","inLanguage":"en-GB","@id":"https:\/\/anilox.hr\/realizacija-norveskih-fondova\/#primaryimage","url":"https:\/\/anilox.hr\/wp-content\/uploads\/2024\/12\/print-1-min-min.png","contentUrl":"https:\/\/anilox.hr\/wp-content\/uploads\/2024\/12\/print-1-min-min.png"},{"@type":"BreadcrumbList","@id":"https:\/\/anilox.hr\/realizacija-norveskih-fondova\/#breadcrumb","itemListElement":[{"@type":"ListItem","position":1,"name":"Home","item":"https:\/\/anilox.hr\/"},{"@type":"ListItem","position":2,"name":"Realizacija Norve\u0161kih fondova"}]},{"@type":"WebSite","@id":"https:\/\/anilox.hr\/#website","url":"https:\/\/anilox.hr\/","name":"Anilox","description":"","publisher":{"@id":"https:\/\/anilox.hr\/#organization"},"potentialAction":[{"@type":"SearchAction","target":{"@type":"EntryPoint","urlTemplate":"https:\/\/anilox.hr\/?s={search_term_string}"},"query-input":{"@type":"PropertyValueSpecification","valueRequired":true,"valueName":"search_term_string"}}],"inLanguage":"en-GB"},{"@type":"Organization","@id":"https:\/\/anilox.hr\/#organization","name":"Anilox","url":"https:\/\/anilox.hr\/","logo":{"@type":"ImageObject","inLanguage":"en-GB","@id":"https:\/\/anilox.hr\/#\/schema\/logo\/image\/","url":"https:\/\/anilox.hr\/wp-content\/uploads\/2024\/12\/anilox-logo-dark.svg","contentUrl":"https:\/\/anilox.hr\/wp-content\/uploads\/2024\/12\/anilox-logo-dark.svg","width":188,"height":52,"caption":"Anilox"},"image":{"@id":"https:\/\/anilox.hr\/#\/schema\/logo\/image\/"}}]}},"_links":{"self":[{"href":"https:\/\/anilox.hr\/en\/wp-json\/wp\/v2\/pages\/526","targetHints":{"allow":["GET"]}}],"collection":[{"href":"https:\/\/anilox.hr\/en\/wp-json\/wp\/v2\/pages"}],"about":[{"href":"https:\/\/anilox.hr\/en\/wp-json\/wp\/v2\/types\/page"}],"author":[{"embeddable":true,"href":"https:\/\/anilox.hr\/en\/wp-json\/wp\/v2\/users\/1"}],"replies":[{"embeddable":true,"href":"https:\/\/anilox.hr\/en\/wp-json\/wp\/v2\/comments?post=526"}],"version-history":[{"count":0,"href":"https:\/\/anilox.hr\/en\/wp-json\/wp\/v2\/pages\/526\/revisions"}],"wp:attachment":[{"href":"https:\/\/anilox.hr\/en\/wp-json\/wp\/v2\/media?parent=526"}],"curies":[{"name":"wp","href":"https:\/\/api.w.org\/{rel}","templated":true}]}}