{"id":507,"date":"2024-12-17T15:46:30","date_gmt":"2024-12-17T14:46:30","guid":{"rendered":"https:\/\/anilox.hr\/?page_id=507"},"modified":"2025-03-07T10:05:27","modified_gmt":"2025-03-07T09:05:27","slug":"norveski-fondovi","status":"publish","type":"page","link":"https:\/\/anilox.hr\/en\/norveski-fondovi\/","title":{"rendered":"Norwegian funds"},"content":{"rendered":"<div data-elementor-type=\"wp-page\" data-elementor-id=\"507\" class=\"elementor elementor-507\" data-elementor-post-type=\"page\">\n\t\t\t\t<div class=\"elementor-element elementor-element-13667f2 e-flex e-con-boxed e-con e-parent\" data-id=\"13667f2\" data-element_type=\"container\">\n\t\t\t\t\t<div class=\"e-con-inner\">\n\t\t<div class=\"elementor-element elementor-element-75c1535 e-con-full e-flex e-con e-child\" data-id=\"75c1535\" data-element_type=\"container\">\n\t\t<div class=\"elementor-element elementor-element-9ba1d39 e-con-full e-flex e-con e-child\" data-id=\"9ba1d39\" data-element_type=\"container\" data-settings=\"{&quot;sticky&quot;:&quot;top&quot;,&quot;sticky_parent&quot;:&quot;yes&quot;,&quot;sticky_on&quot;:[&quot;widescreen&quot;,&quot;desktop&quot;,&quot;laptop&quot;,&quot;tablet_extra&quot;,&quot;tablet&quot;,&quot;mobile_extra&quot;,&quot;mobile&quot;],&quot;sticky_offset&quot;:0,&quot;sticky_effects_offset&quot;:0,&quot;sticky_anchor_link_offset&quot;:0}\">\n\t\t\t\t<div class=\"elementor-element elementor-element-52bce58 elementor-align-left ax__link-pages-nav elementor-icon-list--layout-traditional elementor-list-item-link-full_width elementor-widget elementor-widget-icon-list\" data-id=\"52bce58\" data-element_type=\"widget\" data-widget_type=\"icon-list.default\">\n\t\t\t\t<div class=\"elementor-widget-container\">\n\t\t\t\t\t\t\t<ul class=\"elementor-icon-list-items\">\n\t\t\t\t\t\t\t<li class=\"elementor-icon-list-item\">\n\t\t\t\t\t\t\t\t\t\t\t<a href=\"#\">\n\n\t\t\t\t\t\t\t\t\t\t\t<span class=\"elementor-icon-list-text\">Norwegian funds<\/span>\n\t\t\t\t\t\t\t\t\t\t\t<\/a>\n\t\t\t\t\t\t\t\t\t<\/li>\n\t\t\t\t\t\t\t\t<li class=\"elementor-icon-list-item\">\n\t\t\t\t\t\t\t\t\t\t\t<a href=\"\/en\/realizacija-norveskih-fondova\/\">\n\n\t\t\t\t\t\t\t\t\t\t\t<span class=\"elementor-icon-list-text\">Realization of Norwegian funds<\/span>\n\t\t\t\t\t\t\t\t\t\t\t<\/a>\n\t\t\t\t\t\t\t\t\t<\/li>\n\t\t\t\t\t\t<\/ul>\n\t\t\t\t\t\t<\/div>\n\t\t\t\t<\/div>\n\t\t\t\t<\/div>\n\t\t\t\t<\/div>\n\t\t<div class=\"elementor-element elementor-element-8e1a5f7 e-con-full e-flex e-con e-child\" data-id=\"8e1a5f7\" data-element_type=\"container\" id=\"ax-post-container\">\n\t\t\t\t<div class=\"elementor-element elementor-element-af8d7d8 elementor-widget elementor-widget-heading\" data-id=\"af8d7d8\" data-element_type=\"widget\" data-widget_type=\"heading.default\">\n\t\t\t\t<div class=\"elementor-widget-container\">\n\t\t\t\t\t<h1 class=\"elementor-heading-title elementor-size-default\">Norwegian funds<\/h1>\t\t\t\t<\/div>\n\t\t\t\t<\/div>\n\t\t\t\t<div class=\"elementor-element elementor-element-f712184 elementor-widget elementor-widget-text-editor\" data-id=\"f712184\" data-element_type=\"widget\" data-widget_type=\"text-editor.default\">\n\t\t\t\t<div class=\"elementor-widget-container\">\n\t\t\t\t\t\t\t\t\t<h2><img fetchpriority=\"high\" decoding=\"async\" class=\"alignnone size-full wp-image-541\" src=\"http:\/\/anilox.hr\/wp-content\/uploads\/2024\/12\/norveski-fondovi-Izrezak.png\" alt=\"\" width=\"1005\" height=\"244\" srcset=\"https:\/\/anilox.hr\/wp-content\/uploads\/2024\/12\/norveski-fondovi-Izrezak.png 1005w, https:\/\/anilox.hr\/wp-content\/uploads\/2024\/12\/norveski-fondovi-Izrezak-300x73.png 300w, https:\/\/anilox.hr\/wp-content\/uploads\/2024\/12\/norveski-fondovi-Izrezak-768x186.png 768w\" sizes=\"(max-width: 1005px) 100vw, 1005px\" \/><\/h2><h2><strong>Project: Direct Laser Engraving<\/strong><\/h2><p>Holder: Anilox d.o.o. Industrijska ulica 2, 52341 \u017dminj<\/p><h3><strong>Project objective and brief description of activities:<\/strong><\/h3><p><strong>The objective of the project is to green the production process of the company Anilox by procuring and implementing new, energy-efficient, and technologically advanced production equipment. This equipment includes a direct laser engraving system, a test printing machine, a portable spectrometer and densitometer, as well as software for creating 3D cells.<\/strong><\/p><blockquote><p>The procurement of the mentioned equipment will result in the introduction of an innovative production process that will enable the manufacturing of high-quality gravure printing rollers. The use of these rollers by Anilox's clients will allow for significant financial savings in the amount of ink required throughout the entire printing process. As a result, the project will not only benefit the company itself but will also have a substantial positive impact on the environment.<\/p><\/blockquote><h3><strong>Project activities include:<\/strong><\/h3><ul><li>procurement and implementation of the mentioned equipment<\/li><li>project audit<\/li><li>public procurement activities<\/li><li>promotion and visibility activities<\/li><\/ul><h3><strong>Planned project results<\/strong><\/h3><p>The project activities are expected to successfully contribute to the achievement of the planned results, manifested through:<\/p><ul><li>increased revenue and profit for the company<\/li><li>creation of six new jobs by 2025<\/li><li>protection of intellectual property in the form of a patent<\/li><li>annual reduction of CO2 emissions<\/li><li>annual reduction in the amount of electricity required to produce the same unit of product (rollers)<\/li><li>additional savings in the production process through reduced consumption of raw materials and lower tool maintenance costs<\/li><\/ul><h3><strong>Source of funding:<\/strong><\/h3><p>The project is supported by the Norwegian Financial Mechanism 2014\u20132021 (EEA and Norway Grants 2014\u20132021), under the Program Business Development and Innovation Croatia. The program operator is the Norwegian governmental agency Innovation Norway.<\/p><p><strong>Total project value is EUR 1.465.650 while the amount of non-refundable grant is EUR 877.510<\/strong><\/p><h3>Contact for additional information<\/h3><p>Daniel Puci\u0107, mail:\u00a0<a href=\"mailto:daniel@anilox.hr\">daniel@anilox.hr<\/a>\u00a0; phone number: 052\/845-400<\/p>\t\t\t\t\t\t\t\t<\/div>\n\t\t\t\t<\/div>\n\t\t\t\t<\/div>\n\t\t\t\t\t<\/div>\n\t\t\t\t<\/div>\n\t\t\t\t<\/div>","protected":false},"excerpt":{"rendered":"<p>Norve\u0161ki fondovi Realizacija Norve\u0161kih fondova Projekt: Direct Laser Engraving Nositelj: Anilox d.o.o. Industrijska ulica 2, 52341 \u017dminj Cilj projekta i kratak opis aktivnosti: Cilj projekta predstavlja ozelenjavanje proizvodnog procesa poduze\u0107a Anilox kroz nabavu i implementaciju nove, energetski u\u010dinkovite i tehnolo\u0161ki napredne opreme za proizvodnju, a koju \u010dini sustav za izravno lasersko graviranje, stroj za probni [&hellip;]<\/p>","protected":false},"author":1,"featured_media":0,"parent":0,"menu_order":0,"comment_status":"closed","ping_status":"closed","template":"elementor_header_footer","meta":{"_acf_changed":false,"inline_featured_image":false,"footnotes":""},"class_list":["post-507","page","type-page","status-publish","hentry"],"acf":[],"yoast_head":"<!-- This site is optimized with the Yoast SEO plugin v25.2 - https:\/\/yoast.com\/wordpress\/plugins\/seo\/ -->\n<title>Norve\u0161ki fondovi &#8211; Anilox<\/title>\n<meta name=\"robots\" content=\"index, follow, max-snippet:-1, max-image-preview:large, max-video-preview:-1\" \/>\n<link rel=\"canonical\" href=\"https:\/\/anilox.hr\/en\/norveski-fondovi\/\" \/>\n<meta property=\"og:locale\" content=\"en_GB\" \/>\n<meta property=\"og:type\" content=\"article\" \/>\n<meta property=\"og:title\" content=\"Norve\u0161ki fondovi &#8211; Anilox\" \/>\n<meta property=\"og:description\" content=\"Norve\u0161ki fondovi Realizacija Norve\u0161kih fondova Projekt: Direct Laser Engraving Nositelj: Anilox d.o.o. Industrijska ulica 2, 52341 \u017dminj Cilj projekta i kratak opis aktivnosti: Cilj projekta predstavlja ozelenjavanje proizvodnog procesa poduze\u0107a Anilox kroz nabavu i implementaciju nove, energetski u\u010dinkovite i tehnolo\u0161ki napredne opreme za proizvodnju, a koju \u010dini sustav za izravno lasersko graviranje, stroj za probni [&hellip;]\" \/>\n<meta property=\"og:url\" content=\"https:\/\/anilox.hr\/en\/norveski-fondovi\/\" \/>\n<meta property=\"og:site_name\" content=\"Anilox\" \/>\n<meta property=\"article:modified_time\" content=\"2025-03-07T09:05:27+00:00\" \/>\n<meta property=\"og:image\" content=\"https:\/\/anilox.hr\/wp-content\/uploads\/2024\/12\/norveski-fondovi-Izrezak.png\" \/>\n<meta name=\"twitter:card\" content=\"summary_large_image\" \/>\n<meta name=\"twitter:label1\" content=\"Estimated reading time\" \/>\n\t<meta name=\"twitter:data1\" content=\"1 minute\" \/>\n<script type=\"application\/ld+json\" class=\"yoast-schema-graph\">{\"@context\":\"https:\/\/schema.org\",\"@graph\":[{\"@type\":\"WebPage\",\"@id\":\"https:\/\/anilox.hr\/norveski-fondovi\/\",\"url\":\"https:\/\/anilox.hr\/norveski-fondovi\/\",\"name\":\"Norve\u0161ki fondovi &#8211; Anilox\",\"isPartOf\":{\"@id\":\"https:\/\/anilox.hr\/#website\"},\"primaryImageOfPage\":{\"@id\":\"https:\/\/anilox.hr\/norveski-fondovi\/#primaryimage\"},\"image\":{\"@id\":\"https:\/\/anilox.hr\/norveski-fondovi\/#primaryimage\"},\"thumbnailUrl\":\"https:\/\/anilox.hr\/wp-content\/uploads\/2024\/12\/norveski-fondovi-Izrezak.png\",\"datePublished\":\"2024-12-17T14:46:30+00:00\",\"dateModified\":\"2025-03-07T09:05:27+00:00\",\"breadcrumb\":{\"@id\":\"https:\/\/anilox.hr\/norveski-fondovi\/#breadcrumb\"},\"inLanguage\":\"en-GB\",\"potentialAction\":[{\"@type\":\"ReadAction\",\"target\":[\"https:\/\/anilox.hr\/norveski-fondovi\/\"]}]},{\"@type\":\"ImageObject\",\"inLanguage\":\"en-GB\",\"@id\":\"https:\/\/anilox.hr\/norveski-fondovi\/#primaryimage\",\"url\":\"https:\/\/anilox.hr\/wp-content\/uploads\/2024\/12\/norveski-fondovi-Izrezak.png\",\"contentUrl\":\"https:\/\/anilox.hr\/wp-content\/uploads\/2024\/12\/norveski-fondovi-Izrezak.png\"},{\"@type\":\"BreadcrumbList\",\"@id\":\"https:\/\/anilox.hr\/norveski-fondovi\/#breadcrumb\",\"itemListElement\":[{\"@type\":\"ListItem\",\"position\":1,\"name\":\"Home\",\"item\":\"https:\/\/anilox.hr\/\"},{\"@type\":\"ListItem\",\"position\":2,\"name\":\"Norve\u0161ki fondovi\"}]},{\"@type\":\"WebSite\",\"@id\":\"https:\/\/anilox.hr\/#website\",\"url\":\"https:\/\/anilox.hr\/\",\"name\":\"Anilox\",\"description\":\"\",\"publisher\":{\"@id\":\"https:\/\/anilox.hr\/#organization\"},\"potentialAction\":[{\"@type\":\"SearchAction\",\"target\":{\"@type\":\"EntryPoint\",\"urlTemplate\":\"https:\/\/anilox.hr\/?s={search_term_string}\"},\"query-input\":{\"@type\":\"PropertyValueSpecification\",\"valueRequired\":true,\"valueName\":\"search_term_string\"}}],\"inLanguage\":\"en-GB\"},{\"@type\":\"Organization\",\"@id\":\"https:\/\/anilox.hr\/#organization\",\"name\":\"Anilox\",\"url\":\"https:\/\/anilox.hr\/\",\"logo\":{\"@type\":\"ImageObject\",\"inLanguage\":\"en-GB\",\"@id\":\"https:\/\/anilox.hr\/#\/schema\/logo\/image\/\",\"url\":\"https:\/\/anilox.hr\/wp-content\/uploads\/2024\/12\/anilox-logo-dark.svg\",\"contentUrl\":\"https:\/\/anilox.hr\/wp-content\/uploads\/2024\/12\/anilox-logo-dark.svg\",\"width\":188,\"height\":52,\"caption\":\"Anilox\"},\"image\":{\"@id\":\"https:\/\/anilox.hr\/#\/schema\/logo\/image\/\"}}]}<\/script>\n<!-- \/ Yoast SEO plugin. -->","yoast_head_json":{"title":"Norve\u0161ki fondovi &#8211; Anilox","robots":{"index":"index","follow":"follow","max-snippet":"max-snippet:-1","max-image-preview":"max-image-preview:large","max-video-preview":"max-video-preview:-1"},"canonical":"https:\/\/anilox.hr\/en\/norveski-fondovi\/","og_locale":"en_GB","og_type":"article","og_title":"Norve\u0161ki fondovi &#8211; Anilox","og_description":"Norve\u0161ki fondovi Realizacija Norve\u0161kih fondova Projekt: Direct Laser Engraving Nositelj: Anilox d.o.o. Industrijska ulica 2, 52341 \u017dminj Cilj projekta i kratak opis aktivnosti: Cilj projekta predstavlja ozelenjavanje proizvodnog procesa poduze\u0107a Anilox kroz nabavu i implementaciju nove, energetski u\u010dinkovite i tehnolo\u0161ki napredne opreme za proizvodnju, a koju \u010dini sustav za izravno lasersko graviranje, stroj za probni [&hellip;]","og_url":"https:\/\/anilox.hr\/en\/norveski-fondovi\/","og_site_name":"Anilox","article_modified_time":"2025-03-07T09:05:27+00:00","og_image":[{"url":"https:\/\/anilox.hr\/wp-content\/uploads\/2024\/12\/norveski-fondovi-Izrezak.png","type":"","width":"","height":""}],"twitter_card":"summary_large_image","twitter_misc":{"Estimated reading time":"1 minute"},"schema":{"@context":"https:\/\/schema.org","@graph":[{"@type":"WebPage","@id":"https:\/\/anilox.hr\/norveski-fondovi\/","url":"https:\/\/anilox.hr\/norveski-fondovi\/","name":"Norve\u0161ki fondovi &#8211; Anilox","isPartOf":{"@id":"https:\/\/anilox.hr\/#website"},"primaryImageOfPage":{"@id":"https:\/\/anilox.hr\/norveski-fondovi\/#primaryimage"},"image":{"@id":"https:\/\/anilox.hr\/norveski-fondovi\/#primaryimage"},"thumbnailUrl":"https:\/\/anilox.hr\/wp-content\/uploads\/2024\/12\/norveski-fondovi-Izrezak.png","datePublished":"2024-12-17T14:46:30+00:00","dateModified":"2025-03-07T09:05:27+00:00","breadcrumb":{"@id":"https:\/\/anilox.hr\/norveski-fondovi\/#breadcrumb"},"inLanguage":"en-GB","potentialAction":[{"@type":"ReadAction","target":["https:\/\/anilox.hr\/norveski-fondovi\/"]}]},{"@type":"ImageObject","inLanguage":"en-GB","@id":"https:\/\/anilox.hr\/norveski-fondovi\/#primaryimage","url":"https:\/\/anilox.hr\/wp-content\/uploads\/2024\/12\/norveski-fondovi-Izrezak.png","contentUrl":"https:\/\/anilox.hr\/wp-content\/uploads\/2024\/12\/norveski-fondovi-Izrezak.png"},{"@type":"BreadcrumbList","@id":"https:\/\/anilox.hr\/norveski-fondovi\/#breadcrumb","itemListElement":[{"@type":"ListItem","position":1,"name":"Home","item":"https:\/\/anilox.hr\/"},{"@type":"ListItem","position":2,"name":"Norve\u0161ki fondovi"}]},{"@type":"WebSite","@id":"https:\/\/anilox.hr\/#website","url":"https:\/\/anilox.hr\/","name":"Anilox","description":"","publisher":{"@id":"https:\/\/anilox.hr\/#organization"},"potentialAction":[{"@type":"SearchAction","target":{"@type":"EntryPoint","urlTemplate":"https:\/\/anilox.hr\/?s={search_term_string}"},"query-input":{"@type":"PropertyValueSpecification","valueRequired":true,"valueName":"search_term_string"}}],"inLanguage":"en-GB"},{"@type":"Organization","@id":"https:\/\/anilox.hr\/#organization","name":"Anilox","url":"https:\/\/anilox.hr\/","logo":{"@type":"ImageObject","inLanguage":"en-GB","@id":"https:\/\/anilox.hr\/#\/schema\/logo\/image\/","url":"https:\/\/anilox.hr\/wp-content\/uploads\/2024\/12\/anilox-logo-dark.svg","contentUrl":"https:\/\/anilox.hr\/wp-content\/uploads\/2024\/12\/anilox-logo-dark.svg","width":188,"height":52,"caption":"Anilox"},"image":{"@id":"https:\/\/anilox.hr\/#\/schema\/logo\/image\/"}}]}},"_links":{"self":[{"href":"https:\/\/anilox.hr\/en\/wp-json\/wp\/v2\/pages\/507","targetHints":{"allow":["GET"]}}],"collection":[{"href":"https:\/\/anilox.hr\/en\/wp-json\/wp\/v2\/pages"}],"about":[{"href":"https:\/\/anilox.hr\/en\/wp-json\/wp\/v2\/types\/page"}],"author":[{"embeddable":true,"href":"https:\/\/anilox.hr\/en\/wp-json\/wp\/v2\/users\/1"}],"replies":[{"embeddable":true,"href":"https:\/\/anilox.hr\/en\/wp-json\/wp\/v2\/comments?post=507"}],"version-history":[{"count":0,"href":"https:\/\/anilox.hr\/en\/wp-json\/wp\/v2\/pages\/507\/revisions"}],"wp:attachment":[{"href":"https:\/\/anilox.hr\/en\/wp-json\/wp\/v2\/media?parent=507"}],"curies":[{"name":"wp","href":"https:\/\/api.w.org\/{rel}","templated":true}]}}